{"id":13,"date":"2025-02-16T03:25:20","date_gmt":"2025-02-16T03:25:20","guid":{"rendered":"https:\/\/olivin.webty.site\/?page_id=9"},"modified":"2025-02-16T03:25:20","modified_gmt":"2025-02-16T03:25:20","slug":"iletisim","status":"publish","type":"page","link":"https:\/\/kisabirmola.com.tr\/index.php\/iletisim\/","title":{"rendered":"\u0130leti\u015fim"},"content":{"rendered":"","protected":false},"excerpt":{"rendered":"","protected":false},"author":1,"featured_media":0,"parent":0,"menu_order":0,"comment_status":"closed","ping_status":"closed","template":"pages\/contact.php","meta":{"footnotes":""},"class_list":["post-13","page","type-page","status-publish","hentry"],"yoast_head":"<!-- This site is optimized with the Yoast SEO plugin v27.2 - https:\/\/yoast.com\/product\/yoast-seo-wordpress\/ -->\n<title>\u0130leti\u015fim - K\u0131sa Bir Mola - Hayata Dair Her\u015fey<\/title>\n<meta name=\"robots\" content=\"noindex, follow, max-snippet:-1, max-image-preview:large, max-video-preview:-1\" \/>\n<meta property=\"og:locale\" content=\"tr_TR\" \/>\n<meta property=\"og:type\" content=\"article\" \/>\n<meta property=\"og:title\" content=\"\u0130leti\u015fim - K\u0131sa Bir Mola - Hayata Dair Her\u015fey\" \/>\n<meta property=\"og:url\" content=\"https:\/\/kisabirmola.com.tr\/index.php\/iletisim\/\" \/>\n<meta property=\"og:site_name\" content=\"K\u0131sa Bir Mola - Hayata Dair Her\u015fey\" \/>\n<meta property=\"og:image\" content=\"https:\/\/kisabirmola.com.tr\/wp-content\/uploads\/2025\/11\/kisabirmolalogo.png\" \/>\n\t<meta property=\"og:image:width\" content=\"962\" \/>\n\t<meta property=\"og:image:height\" content=\"277\" \/>\n\t<meta property=\"og:image:type\" content=\"image\/png\" \/>\n<meta name=\"twitter:card\" content=\"summary_large_image\" \/>\n<script type=\"application\/ld+json\" class=\"yoast-schema-graph\">{\"@context\":\"https:\/\/schema.org\",\"@graph\":[{\"@type\":\"WebPage\",\"@id\":\"https:\/\/kisabirmola.com.tr\/index.php\/iletisim\/\",\"url\":\"https:\/\/kisabirmola.com.tr\/index.php\/iletisim\/\",\"name\":\"\u0130leti\u015fim - K\u0131sa Bir Mola - Hayata Dair Her\u015fey\",\"isPartOf\":{\"@id\":\"https:\/\/kisabirmola.com.tr\/#website\"},\"datePublished\":\"2025-02-16T03:25:20+00:00\",\"breadcrumb\":{\"@id\":\"https:\/\/kisabirmola.com.tr\/index.php\/iletisim\/#breadcrumb\"},\"inLanguage\":\"tr\",\"potentialAction\":[{\"@type\":\"ReadAction\",\"target\":[\"https:\/\/kisabirmola.com.tr\/index.php\/iletisim\/\"]}]},{\"@type\":\"BreadcrumbList\",\"@id\":\"https:\/\/kisabirmola.com.tr\/index.php\/iletisim\/#breadcrumb\",\"itemListElement\":[{\"@type\":\"ListItem\",\"position\":1,\"name\":\"Anasayfa\",\"item\":\"https:\/\/kisabirmola.com.tr\/\"},{\"@type\":\"ListItem\",\"position\":2,\"name\":\"\u0130leti\u015fim\"}]},{\"@type\":\"WebSite\",\"@id\":\"https:\/\/kisabirmola.com.tr\/#website\",\"url\":\"https:\/\/kisabirmola.com.tr\/\",\"name\":\"K\u0131sa Bir Mola - Hayata Dair Her\u015fey\",\"description\":\"K\u0131sa Bir Mola - Hayata Dair Her\u015fey\",\"publisher\":{\"@id\":\"https:\/\/kisabirmola.com.tr\/#organization\"},\"potentialAction\":[{\"@type\":\"SearchAction\",\"target\":{\"@type\":\"EntryPoint\",\"urlTemplate\":\"https:\/\/kisabirmola.com.tr\/?s={search_term_string}\"},\"query-input\":{\"@type\":\"PropertyValueSpecification\",\"valueRequired\":true,\"valueName\":\"search_term_string\"}}],\"inLanguage\":\"tr\"},{\"@type\":\"Organization\",\"@id\":\"https:\/\/kisabirmola.com.tr\/#organization\",\"name\":\"K\u0131sa Bir Mola - Hayata Dair Her\u015fey\",\"url\":\"https:\/\/kisabirmola.com.tr\/\",\"logo\":{\"@type\":\"ImageObject\",\"inLanguage\":\"tr\",\"@id\":\"https:\/\/kisabirmola.com.tr\/#\/schema\/logo\/image\/\",\"url\":\"https:\/\/kisabirmola.com.tr\/wp-content\/uploads\/2025\/11\/kisabirmolalogo.png\",\"contentUrl\":\"https:\/\/kisabirmola.com.tr\/wp-content\/uploads\/2025\/11\/kisabirmolalogo.png\",\"width\":962,\"height\":277,\"caption\":\"K\u0131sa Bir Mola - Hayata Dair Her\u015fey\"},\"image\":{\"@id\":\"https:\/\/kisabirmola.com.tr\/#\/schema\/logo\/image\/\"}}]}<\/script>\n<!-- \/ Yoast SEO plugin. -->","yoast_head_json":{"title":"\u0130leti\u015fim - K\u0131sa Bir Mola - Hayata Dair Her\u015fey","robots":{"index":"noindex","follow":"follow","max-snippet":"max-snippet:-1","max-image-preview":"max-image-preview:large","max-video-preview":"max-video-preview:-1"},"og_locale":"tr_TR","og_type":"article","og_title":"\u0130leti\u015fim - K\u0131sa Bir Mola - Hayata Dair Her\u015fey","og_url":"https:\/\/kisabirmola.com.tr\/index.php\/iletisim\/","og_site_name":"K\u0131sa Bir Mola - Hayata Dair Her\u015fey","og_image":[{"width":962,"height":277,"url":"https:\/\/kisabirmola.com.tr\/wp-content\/uploads\/2025\/11\/kisabirmolalogo.png","type":"image\/png"}],"twitter_card":"summary_large_image","schema":{"@context":"https:\/\/schema.org","@graph":[{"@type":"WebPage","@id":"https:\/\/kisabirmola.com.tr\/index.php\/iletisim\/","url":"https:\/\/kisabirmola.com.tr\/index.php\/iletisim\/","name":"\u0130leti\u015fim - K\u0131sa Bir Mola - Hayata Dair Her\u015fey","isPartOf":{"@id":"https:\/\/kisabirmola.com.tr\/#website"},"datePublished":"2025-02-16T03:25:20+00:00","breadcrumb":{"@id":"https:\/\/kisabirmola.com.tr\/index.php\/iletisim\/#breadcrumb"},"inLanguage":"tr","potentialAction":[{"@type":"ReadAction","target":["https:\/\/kisabirmola.com.tr\/index.php\/iletisim\/"]}]},{"@type":"BreadcrumbList","@id":"https:\/\/kisabirmola.com.tr\/index.php\/iletisim\/#breadcrumb","itemListElement":[{"@type":"ListItem","position":1,"name":"Anasayfa","item":"https:\/\/kisabirmola.com.tr\/"},{"@type":"ListItem","position":2,"name":"\u0130leti\u015fim"}]},{"@type":"WebSite","@id":"https:\/\/kisabirmola.com.tr\/#website","url":"https:\/\/kisabirmola.com.tr\/","name":"K\u0131sa Bir Mola - Hayata Dair Her\u015fey","description":"K\u0131sa Bir Mola - Hayata Dair Her\u015fey","publisher":{"@id":"https:\/\/kisabirmola.com.tr\/#organization"},"potentialAction":[{"@type":"SearchAction","target":{"@type":"EntryPoint","urlTemplate":"https:\/\/kisabirmola.com.tr\/?s={search_term_string}"},"query-input":{"@type":"PropertyValueSpecification","valueRequired":true,"valueName":"search_term_string"}}],"inLanguage":"tr"},{"@type":"Organization","@id":"https:\/\/kisabirmola.com.tr\/#organization","name":"K\u0131sa Bir Mola - Hayata Dair Her\u015fey","url":"https:\/\/kisabirmola.com.tr\/","logo":{"@type":"ImageObject","inLanguage":"tr","@id":"https:\/\/kisabirmola.com.tr\/#\/schema\/logo\/image\/","url":"https:\/\/kisabirmola.com.tr\/wp-content\/uploads\/2025\/11\/kisabirmolalogo.png","contentUrl":"https:\/\/kisabirmola.com.tr\/wp-content\/uploads\/2025\/11\/kisabirmolalogo.png","width":962,"height":277,"caption":"K\u0131sa Bir Mola - Hayata Dair Her\u015fey"},"image":{"@id":"https:\/\/kisabirmola.com.tr\/#\/schema\/logo\/image\/"}}]}},"_links":{"self":[{"href":"https:\/\/kisabirmola.com.tr\/index.php\/wp-json\/wp\/v2\/pages\/13","targetHints":{"allow":["GET"]}}],"collection":[{"href":"https:\/\/kisabirmola.com.tr\/index.php\/wp-json\/wp\/v2\/pages"}],"about":[{"href":"https:\/\/kisabirmola.com.tr\/index.php\/wp-json\/wp\/v2\/types\/page"}],"author":[{"embeddable":true,"href":"https:\/\/kisabirmola.com.tr\/index.php\/wp-json\/wp\/v2\/users\/1"}],"replies":[{"embeddable":true,"href":"https:\/\/kisabirmola.com.tr\/index.php\/wp-json\/wp\/v2\/comments?post=13"}],"version-history":[{"count":0,"href":"https:\/\/kisabirmola.com.tr\/index.php\/wp-json\/wp\/v2\/pages\/13\/revisions"}],"wp:attachment":[{"href":"https:\/\/kisabirmola.com.tr\/index.php\/wp-json\/wp\/v2\/media?parent=13"}],"curies":[{"name":"wp","href":"https:\/\/api.w.org\/{rel}","templated":true}]}}